{"id":2134,"date":"2022-11-29T11:01:51","date_gmt":"2022-11-29T11:01:51","guid":{"rendered":"https:\/\/alltagsleben-banatica.ro\/?page_id=2134"},"modified":"2023-04-28T05:43:20","modified_gmt":"2023-04-28T05:43:20","slug":"rezultate","status":"publish","type":"page","link":"https:\/\/alltagsleben-banatica.ro\/de\/rezultate\/","title":{"rendered":"Ergebnisse"},"content":{"rendered":"<p>\u2022 Workshop f\u00fcr Studenten und junge Forscher mit dem Titel:\u00a0<em>\"Alltag und interethnisches Zusammenleben im Banat des 20. Jahrhundert\u201cs: Bilanz des ersten Projekthalbjahres<\/em>, 26.-27. September 2022, Hermannstadt\/Sibiu.<\/p>\n\n\n\n<p>\u2022 Datenbank mit den im Rahmen des Projekts durchgef\u00fchrten Interviews.<\/p>\n\n\n\n<p>\u2022 Datenbank mit digitalisierten Fotos und Dokumenten aus privaten Sammlungen.<\/p>\n\n\n\n<p>\u2022 Erstellung einer Website, auf der das digitalisierte Fotomaterial der \u00d6ffentlichkeit zug\u00e4nglich gemacht wird.<\/p>\n\n\n\n<p>\u2022 Ver\u00f6ffentlichung von zwei Artikeln, in denen die Projektmitglieder die Ergebnisse des Projektes publizieren.<\/p>","protected":false},"excerpt":{"rendered":"<p>\u2022 workshop pentru studen\u021bi \u0219i tineri cercet\u0103tori intitulat:\u00a0\u201eVia\u021b\u0103 cotidian\u0103 \u0219i convie\u021buire interetnic\u0103 \u00een Banat \u00een secolul XX: bilan\u021bul primului semestru al proiectului, 26-27 septembrie 2022, Sibiu. \u2022 baz\u0103 de date cu interviurile realizate \u00een cadrul proiectului. \u2022 baz\u0103 de date cu fotografiile \u015fi documentele digitizate din colec\u0163ii private. \u2022 realizarea unui website unde materialul fotografic&#8230;<\/p>","protected":false},"author":1,"featured_media":0,"parent":0,"menu_order":0,"comment_status":"closed","ping_status":"closed","template":"","meta":{"_kad_blocks_custom_css":"","_kad_blocks_head_custom_js":"","_kad_blocks_body_custom_js":"","_kad_blocks_footer_custom_js":"","_kad_post_transparent":"","_kad_post_title":"","_kad_post_layout":"narrow","_kad_post_sidebar_id":"","_kad_post_content_style":"","_kad_post_vertical_padding":"","_kad_post_feature":"","_kad_post_feature_position":"","_kad_post_header":false,"_kad_post_footer":false,"footnotes":""},"class_list":["post-2134","page","type-page","status-publish","hentry"],"featured_image_src_large":false,"author_info":{"display_name":"mihaiv_banatica","author_link":"https:\/\/alltagsleben-banatica.ro\/de\/author\/mihaiv_banatica\/"},"comment_info":0,"taxonomy_info":[],"_links":{"self":[{"href":"https:\/\/alltagsleben-banatica.ro\/de\/wp-json\/wp\/v2\/pages\/2134","targetHints":{"allow":["GET"]}}],"collection":[{"href":"https:\/\/alltagsleben-banatica.ro\/de\/wp-json\/wp\/v2\/pages"}],"about":[{"href":"https:\/\/alltagsleben-banatica.ro\/de\/wp-json\/wp\/v2\/types\/page"}],"author":[{"embeddable":true,"href":"https:\/\/alltagsleben-banatica.ro\/de\/wp-json\/wp\/v2\/users\/1"}],"replies":[{"embeddable":true,"href":"https:\/\/alltagsleben-banatica.ro\/de\/wp-json\/wp\/v2\/comments?post=2134"}],"version-history":[{"count":4,"href":"https:\/\/alltagsleben-banatica.ro\/de\/wp-json\/wp\/v2\/pages\/2134\/revisions"}],"predecessor-version":[{"id":2457,"href":"https:\/\/alltagsleben-banatica.ro\/de\/wp-json\/wp\/v2\/pages\/2134\/revisions\/2457"}],"wp:attachment":[{"href":"https:\/\/alltagsleben-banatica.ro\/de\/wp-json\/wp\/v2\/media?parent=2134"}],"curies":[{"name":"wp","href":"https:\/\/api.w.org\/{rel}","templated":true}]}}