{"id":2268,"date":"2023-03-27T08:48:01","date_gmt":"2023-03-27T08:48:01","guid":{"rendered":"https:\/\/alltagsleben-banatica.ro\/?page_id=2268"},"modified":"2023-04-28T05:42:02","modified_gmt":"2023-04-28T05:42:02","slug":"activitati","status":"publish","type":"page","link":"https:\/\/alltagsleben-banatica.ro\/de\/activitati\/","title":{"rendered":"Aktivit\u00e4ten"},"content":{"rendered":"<p>\u2022 Organisation eines methodischen Online-Workshops (13.-14. Mai 2022).<\/p>\n\n\n\n<p> \u2022 Entwurf eines Interviewleitfadens und Auswahl der Gemeinden, in welchen die Interviews durchgef\u00fchrt wurden.<\/p>\n\n\n\n<p>\u2022 Durchf\u00fchrung und Transkription von 29 Interviews mit Angeh\u00f6rigen der deutschen Minderheit im Banat, ausgew\u00e4hlt aus verschiedenen sozialen Gruppen und deutschsprachigen Gemeinden in der Region.<\/p>\n\n\n\n<p>\u2022 Digitalisierung von mehr als 600 zeitgen\u00f6ssischen Fotos und Dokumenten aus Familiensammlungen, die das Alltagsleben der Deutschen in verschiedenen Teilen des Banats illustrieren.<\/p>\n\n\n\n<p>\u2022 Organisation eines Workshops f\u00fcr Studenten und junge Forscher mit dem Titel:\u00a0<em>\"Alltag und interethnisches Zusammenleben im Banat des 20. Jahrhundert\u201cs: Bilanz des ersten Projekthalbjahres<\/em>, 26.-27. September 2022, Hermannstadt\/Sibiu.<\/p>\n\n\n\n<p>\u2022 Grafische Aufbereitung von Fotomaterial f\u00fcr die Organisation einer Ausstellung und f\u00fcr die Projektwebsite.<\/p>","protected":false},"excerpt":{"rendered":"<p>\u2022 organizarea unui workshop metodologic online (13-14 mai 2022). \u2022 redactarea unui ghid de interviu \u0219i selectarea comunit\u0103\u021bilor \u00een care s-au desf\u0103\u0219urat interviurile. \u2022 realizarea \u015fi transcrierea a 29 de interviuri cu membri ai minorit\u0103\u021bii germane din Banat, selectate din diferite grupuri sociale \u0219i comunit\u0103\u021bi germanofone ale regiunii. \u2022 digitizarea a peste 600 de fotografii&#8230;<\/p>","protected":false},"author":1,"featured_media":0,"parent":0,"menu_order":0,"comment_status":"closed","ping_status":"closed","template":"","meta":{"_kad_blocks_custom_css":"","_kad_blocks_head_custom_js":"","_kad_blocks_body_custom_js":"","_kad_blocks_footer_custom_js":"","_kad_post_transparent":"","_kad_post_title":"","_kad_post_layout":"narrow","_kad_post_sidebar_id":"","_kad_post_content_style":"","_kad_post_vertical_padding":"","_kad_post_feature":"","_kad_post_feature_position":"","_kad_post_header":false,"_kad_post_footer":false,"footnotes":""},"class_list":["post-2268","page","type-page","status-publish","hentry"],"featured_image_src_large":false,"author_info":{"display_name":"mihaiv_banatica","author_link":"https:\/\/alltagsleben-banatica.ro\/de\/author\/mihaiv_banatica\/"},"comment_info":0,"taxonomy_info":[],"_links":{"self":[{"href":"https:\/\/alltagsleben-banatica.ro\/de\/wp-json\/wp\/v2\/pages\/2268","targetHints":{"allow":["GET"]}}],"collection":[{"href":"https:\/\/alltagsleben-banatica.ro\/de\/wp-json\/wp\/v2\/pages"}],"about":[{"href":"https:\/\/alltagsleben-banatica.ro\/de\/wp-json\/wp\/v2\/types\/page"}],"author":[{"embeddable":true,"href":"https:\/\/alltagsleben-banatica.ro\/de\/wp-json\/wp\/v2\/users\/1"}],"replies":[{"embeddable":true,"href":"https:\/\/alltagsleben-banatica.ro\/de\/wp-json\/wp\/v2\/comments?post=2268"}],"version-history":[{"count":5,"href":"https:\/\/alltagsleben-banatica.ro\/de\/wp-json\/wp\/v2\/pages\/2268\/revisions"}],"predecessor-version":[{"id":2456,"href":"https:\/\/alltagsleben-banatica.ro\/de\/wp-json\/wp\/v2\/pages\/2268\/revisions\/2456"}],"wp:attachment":[{"href":"https:\/\/alltagsleben-banatica.ro\/de\/wp-json\/wp\/v2\/media?parent=2268"}],"curies":[{"name":"wp","href":"https:\/\/api.w.org\/{rel}","templated":true}]}}