{"id":940,"date":"2022-04-22T20:28:42","date_gmt":"2022-04-22T20:28:42","guid":{"rendered":"https:\/\/startertemplatecloud.com\/g45\/?page_id=940"},"modified":"2023-04-28T05:54:17","modified_gmt":"2023-04-28T05:54:17","slug":"home","status":"publish","type":"page","link":"https:\/\/alltagsleben-banatica.ro\/de\/","title":{"rendered":"Home"},"content":{"rendered":"<style>.kb-row-layout-id_1aa8f5-44 > .kt-row-column-wrap{align-content:center;}:where(.kb-row-layout-id_1aa8f5-44 > .kt-row-column-wrap) > .wp-block-kadence-column{justify-content:center;}.kb-row-layout-id_1aa8f5-44 > .kt-row-column-wrap{column-gap:var(--global-kb-gap-md, 2rem);row-gap:var(--global-kb-gap-md, 2rem);max-width:var( --global-content-width, 1290px );padding-left:var(--global-content-edge-padding);padding-right:var(--global-content-edge-padding);padding-top:205px;padding-bottom:80px;grid-template-columns:minmax(0, 60%) minmax(0, 40%);}.kb-row-layout-id_1aa8f5-44 > .kt-row-layout-overlay{opacity:0.30;}@media all and (max-width: 1024px){.kb-row-layout-id_1aa8f5-44 > .kt-row-column-wrap{padding-top:205px;padding-bottom:80px;grid-template-columns:repeat(2, minmax(0, 1fr));}}@media all and (max-width: 767px){.kb-row-layout-id_1aa8f5-44 > .kt-row-column-wrap{padding-top:140px;grid-template-columns:minmax(0, 1fr);}}<\/style><div class=\"kb-row-layout-wrap kb-row-layout-id_1aa8f5-44 alignnone has-theme-palette8-background-color kt-row-has-bg wp-block-kadence-rowlayout\"><div class=\"kt-row-column-wrap kt-has-2-columns kt-row-layout-equal kt-tab-layout-inherit kt-mobile-layout-row kt-row-valign-middle kb-theme-content-width\">\n<style>.kadence-column_2e2acf-3a > .kt-inside-inner-col,.kadence-column_2e2acf-3a > .kt-inside-inner-col:before{border-top-left-radius:0px;border-top-right-radius:0px;border-bottom-right-radius:0px;border-bottom-left-radius:0px;}.kadence-column_2e2acf-3a > .kt-inside-inner-col{justify-content:flex-start;flex-direction:column;display:flex;}.kadence-column_2e2acf-3a > .kt-inside-inner-col > .aligncenter{width:100%;}.kt-row-column-wrap > .kadence-column_2e2acf-3a{align-self:flex-start;}.kt-inner-column-height-full:not(.kt-has-1-columns) > .wp-block-kadence-column.kadence-column_2e2acf-3a{align-self:auto;}.kt-inner-column-height-full:not(.kt-has-1-columns) > .wp-block-kadence-column.kadence-column_2e2acf-3a > .kt-inside-inner-col{display:flex;flex-direction:column;justify-content:flex-start;}.kadence-column_2e2acf-3a > .kt-inside-inner-col:before{opacity:0.3;}.kadence-column_2e2acf-3a{position:relative;}@media all and (max-width: 767px){.kadence-column_2e2acf-3a > .kt-inside-inner-col{padding-right:0px;padding-left:0px;}}<\/style>\n<div class=\"wp-block-kadence-column kadence-column_2e2acf-3a inner-column-1\"><div class=\"kt-inside-inner-col\"><style>.wp-block-kadence-advancedheading.kt-adv-heading_2fe555-91, .wp-block-kadence-advancedheading.kt-adv-heading_2fe555-91[data-kb-block=\"kb-adv-heading_2fe555-91\"]{font-size:60px;line-height:72px;font-weight:500;font-style:normal;text-transform:uppercase;}.wp-block-kadence-advancedheading.kt-adv-heading_2fe555-91 mark, .wp-block-kadence-advancedheading.kt-adv-heading_2fe555-91[data-kb-block=\"kb-adv-heading_2fe555-91\"] mark{font-style:normal;color:#f76a0c;padding-top:0px;padding-right:0px;padding-bottom:0px;padding-left:0px;}@media all and (max-width: 1024px){.wp-block-kadence-advancedheading.kt-adv-heading_2fe555-91, .wp-block-kadence-advancedheading.kt-adv-heading_2fe555-91[data-kb-block=\"kb-adv-heading_2fe555-91\"]{font-size:35px;line-height:40px;}}@media all and (max-width: 767px){.wp-block-kadence-advancedheading.kt-adv-heading_2fe555-91, .wp-block-kadence-advancedheading.kt-adv-heading_2fe555-91[data-kb-block=\"kb-adv-heading_2fe555-91\"]{font-size:32px;line-height:32px;text-align:center!important;}}<\/style>\n<h1 class=\"kt-adv-heading_2fe555-91 wp-block-kadence-advancedheading\" data-kb-block=\"kb-adv-heading_2fe555-91\">Alltagsleben <br>und interethnisches Zusammenleben im Banat im 20. Jahrhundert<\/h1>\n\n\n<style>.wp-block-kadence-advancedheading.kt-adv-heading_8babd7-5c, .wp-block-kadence-advancedheading.kt-adv-heading_8babd7-5c[data-kb-block=\"kb-adv-heading_8babd7-5c\"]{padding-right:70px;font-style:normal;}.wp-block-kadence-advancedheading.kt-adv-heading_8babd7-5c mark, .wp-block-kadence-advancedheading.kt-adv-heading_8babd7-5c[data-kb-block=\"kb-adv-heading_8babd7-5c\"] mark{font-style:normal;color:#f76a0c;padding-top:0px;padding-right:0px;padding-bottom:0px;padding-left:0px;}@media all and (max-width: 767px){.wp-block-kadence-advancedheading.kt-adv-heading_8babd7-5c, .wp-block-kadence-advancedheading.kt-adv-heading_8babd7-5c[data-kb-block=\"kb-adv-heading_8babd7-5c\"]{padding-right:0px;padding-left:0px;font-size:14px;line-height:18px;text-align:center!important;}}<\/style>\n<p class=\"kt-adv-heading_8babd7-5c wp-block-kadence-advancedheading\" data-kb-block=\"kb-adv-heading_8babd7-5c\">Dieses Projekt wird gef\u00f6rdert durch<br>das Kulturwerk Banater Schwaben e. V. aus Mitteln des Bayerischen Staatsministeriums f\u00fcr Familie, Arbeit und Soziales.<br>das Institut f\u00fcr deutsche Kultur und Geschichte S\u00fcdosteuropas e.V. an der Ludwig-Maximilians-Universit\u00e4t M\u00fcnchen mit der finanziellen Unterst\u00fctzung durch die Beauftragte der Bundesregierung f\u00fcr Kultur und Medien.<\/p>\n\n\n<style>.wp-block-kadence-advancedheading.kt-adv-heading_9abcbb-c9, .wp-block-kadence-advancedheading.kt-adv-heading_9abcbb-c9[data-kb-block=\"kb-adv-heading_9abcbb-c9\"]{margin-top:-30px;margin-bottom:0px;font-size:var(--global-kb-font-size-sm, 0.9rem);font-style:normal;}.wp-block-kadence-advancedheading.kt-adv-heading_9abcbb-c9 mark, .wp-block-kadence-advancedheading.kt-adv-heading_9abcbb-c9[data-kb-block=\"kb-adv-heading_9abcbb-c9\"] mark{font-style:normal;color:#f76a0c;padding-top:0px;padding-right:0px;padding-bottom:0px;padding-left:0px;}<\/style>\n<h2 class=\"kt-adv-heading_9abcbb-c9 wp-block-kadence-advancedheading has-theme-palette-1-color has-text-color\" data-kb-block=\"kb-adv-heading_9abcbb-c9\"><a href=\"https:\/\/www.ikgs.de\/\">https:\/\/www.ikgs.de<\/a><\/h2>\n\n\n\n<p>Das Projekt wird in Partnerschaft mit dem Demokratischen Forum der Deutschen im Banat durchgef\u00fchrt.<\/p>\n\n\n<style id=\"kt-blocks_bad94c-0e\" type=\"text\/css\">#kt-modal_bad94c-0e .kt-blocks-modal-link {color:var(--global-palette9);background:var(--global-palette1);border-radius:25px;font-size:17px;line-height:24px;font-weight:400;border-width:0px 0px 0px 0px;padding:10px 30px 10px 30px;margin:0px 0px 0px 0px;}#kt-modal_bad94c-0e .kt-blocks-modal-link:hover, #kt-modal_bad94c-0e .kt-blocks-modal-link:focus {color:#ffffff;background:var(--global-palette2);}#kt-modal_bad94c-0e .kt-modal-overlay, #kt-target-modal_bad94c-0e .kt-modal-overlay, .kb-modal-content_bad94c-0e .kt-modal-overlay {background:rgba(158, 139, 106, 0.41);}#kt-modal_bad94c-0e .kt-modal-container, #kt-target-modal_bad94c-0e .kt-modal-container, .kb-modal-content_bad94c-0e .kt-modal-container {border-radius:20px;padding:30px 30px 30px 30px;}#kt-modal_bad94c-0e .kt-modal-close, #kt-target-modal_bad94c-0e .kt-modal-close, .kb-modal-content_bad94c-0e .kt-modal-close {color:var(--global-palette1);}<\/style>\n<div id=\"kt-modal_bad94c-0e\" class=\"wp-block-kadence-modal alignnone kt-modal-linkalign-left\"><div id=\"kt-target-modal_bad94c-0e\" class=\"kb-modal-content_bad94c-0e kadence-block-pro-modal kt-m-animate-in-fadeleft kt-m-animate-out-fadeout\" aria-hidden=\"true\"><div class=\"kt-modal-overlay\" tabindex=\"-1\" data-modal-close=\"true\"><div class=\"kt-modal-container kt-modal-height-fittocontent kt-close-position-inside\" role=\"dialog\" aria-modal=\"true\"><button class=\"kt-modal-close\" aria-label=\"Close Modal\" data-modal-close=\"true\"><svg viewbox=\"0 0 24 24\" fill=\"none\" stroke=\"currentColor\" xmlns=\"https:\/\/www.w3.org\/2000\/svg\" stroke-width=\"2\" stroke-linecap=\"round\" stroke-linejoin=\"round\"><line x1=\"18\" y1=\"6\" x2=\"6\" y2=\"18\"><\/line><line x1=\"6\" y1=\"6\" x2=\"18\" y2=\"18\"><\/line><\/svg><\/button><div id=\"kt-modal_bad94c-0e-content\" class=\"kt-modal-content\"><style>.wp-block-kadence-advancedheading.kt-adv-heading_a28804-c3, .wp-block-kadence-advancedheading.kt-adv-heading_a28804-c3[data-kb-block=\"kb-adv-heading_a28804-c3\"]{font-size:18px;font-style:normal;}.wp-block-kadence-advancedheading.kt-adv-heading_a28804-c3 mark, .wp-block-kadence-advancedheading.kt-adv-heading_a28804-c3[data-kb-block=\"kb-adv-heading_a28804-c3\"] mark{font-style:normal;color:#f76a0c;padding-top:0px;padding-right:0px;padding-bottom:0px;padding-left:0px;}<\/style>\n<p class=\"kt-adv-heading_a28804-c3 wp-block-kadence-advancedheading\" data-kb-block=\"kb-adv-heading_a28804-c3\">Das Projekt zielt darauf ab, das Alltagsleben der Deutschen im Banat des 20. Jahrhunderts zu dokumentieren, wobei folgende Themen im Mittelpunkt stehen: die Ver\u00e4nderungen, die das Alltagsleben in den Gemeinden der Region infolge der tiefgreifenden sozio\u00f6konomischen Ver\u00e4nderungen des letzten Jahrhunderts erfahren hat, das interethnische Zusammenleben, das kollektive Ged\u00e4chtnis und seine Auswirkungen auf die Konstruktion der Identit\u00e4t der Deutschen im Banat. <\/p>\n\n\n<style>.wp-block-kadence-advancedheading.kt-adv-heading_44ebcd-3b, .wp-block-kadence-advancedheading.kt-adv-heading_44ebcd-3b[data-kb-block=\"kb-adv-heading_44ebcd-3b\"]{padding-top:0px;margin-top:-20px;font-size:18px;font-style:normal;}.wp-block-kadence-advancedheading.kt-adv-heading_44ebcd-3b mark, .wp-block-kadence-advancedheading.kt-adv-heading_44ebcd-3b[data-kb-block=\"kb-adv-heading_44ebcd-3b\"] mark{font-style:normal;color:#f76a0c;padding-top:0px;padding-right:0px;padding-bottom:0px;padding-left:0px;}<\/style>\n<p class=\"kt-adv-heading_44ebcd-3b wp-block-kadence-advancedheading\" data-kb-block=\"kb-adv-heading_44ebcd-3b\">Ausgehend von der Digitalisierung pers\u00f6nlicher Sammlungen von Fotografien und Dokumenten aus dieser Zeit sowie von m\u00fcndlichen Interviews, die zwischen dem 1. Mai und dem 30. November 2023 gef\u00fchrt wurden, wird das Projektteam dieses Material durch die Konstruktion historischer Erz\u00e4hlungen erg\u00e4nzen, die die deutschen Gemeinschaften im Banat direkt betreffen.<\/p>\n<\/div><\/div><\/div><\/div><button class=\"kt-blocks-modal-link kt-modal-label-show\" data-modal-open=\"kt-target-modal_bad94c-0e\"><span class=\"kt-blocks-modal-link-inner\">DETAILS<\/span><\/button><\/div>\n\n\n<style>.wp-block-kadence-advancedheading.kt-adv-heading_05dfc1-08, .wp-block-kadence-advancedheading.kt-adv-heading_05dfc1-08[data-kb-block=\"kb-adv-heading_05dfc1-08\"]{font-style:normal;}.wp-block-kadence-advancedheading.kt-adv-heading_05dfc1-08 mark, .wp-block-kadence-advancedheading.kt-adv-heading_05dfc1-08[data-kb-block=\"kb-adv-heading_05dfc1-08\"] mark{font-style:normal;color:#f76a0c;padding-top:0px;padding-right:0px;padding-bottom:0px;padding-left:0px;}<\/style>\n<p class=\"kt-adv-heading_05dfc1-08 wp-block-kadence-advancedheading\" data-kb-block=\"kb-adv-heading_05dfc1-08\"><a href=\"#\"><\/a><\/p>\n<\/div><\/div>\n\n\n<style>.kadence-column_c13527-a5 > .kt-inside-inner-col,.kadence-column_c13527-a5 > .kt-inside-inner-col:before{border-top-left-radius:0px;border-top-right-radius:0px;border-bottom-right-radius:0px;border-bottom-left-radius:0px;}.kadence-column_c13527-a5 > .kt-inside-inner-col:before{opacity:0.3;}.kadence-column_c13527-a5{position:relative;}<\/style>\n<div class=\"wp-block-kadence-column kadence-column_c13527-a5 inner-column-2\"><div class=\"kt-inside-inner-col\">\n<figure class=\"wp-block-kadence-image kb-image_890153-fa size-full\"><img loading=\"lazy\" decoding=\"async\" width=\"467\" height=\"562\" src=\"https:\/\/alltagsleben-banatica.ro\/wp-content\/uploads\/2022\/11\/hero1.png\" alt=\"\" class=\"kb-img wp-image-2165\" srcset=\"https:\/\/alltagsleben-banatica.ro\/wp-content\/uploads\/2022\/11\/hero1.png 467w, https:\/\/alltagsleben-banatica.ro\/wp-content\/uploads\/2022\/11\/hero1-249x300.png 249w\" sizes=\"auto, (max-width: 467px) 100vw, 467px\" \/><\/figure>\n<\/div><\/div>\n\n<\/div><\/div>\n\n<style>.kb-row-layout-id_8f6560-6e > .kt-row-column-wrap{align-content:start;}:where(.kb-row-layout-id_8f6560-6e > .kt-row-column-wrap) > .wp-block-kadence-column{justify-content:start;}.kb-row-layout-id_8f6560-6e > .kt-row-column-wrap{column-gap:var(--global-kb-gap-md, 2rem);row-gap:var(--global-kb-gap-md, 2rem);max-width:var( --global-content-width, 1290px );padding-left:var(--global-content-edge-padding);padding-right:var(--global-content-edge-padding);padding-top:30px;padding-bottom:30px;grid-template-columns:minmax(0, 1fr);}.kb-row-layout-id_8f6560-6e > .kt-row-layout-overlay{opacity:0.30;}@media all and (max-width: 1024px){.kb-row-layout-id_8f6560-6e > .kt-row-column-wrap{grid-template-columns:minmax(0, 1fr);}}@media all and (max-width: 767px){.kb-row-layout-id_8f6560-6e > .kt-row-column-wrap{grid-template-columns:minmax(0, 1fr);}}<\/style><div class=\"kb-row-layout-wrap kb-row-layout-id_8f6560-6e alignnone has-theme-palette7-background-color kt-row-has-bg wp-block-kadence-rowlayout\"><div class=\"kt-row-column-wrap kt-has-1-columns kt-row-layout-equal kt-tab-layout-inherit kt-mobile-layout-row kt-row-valign-top kb-theme-content-width\">\n<style>.kadence-column_92e57c-56, .kt-inside-inner-col > .kadence-column_92e57c-56:not(.specificity){margin-right:0px;margin-left:0px;}.kadence-column_92e57c-56 > .kt-inside-inner-col{padding-right:0px;padding-left:0px;}.kadence-column_92e57c-56 > .kt-inside-inner-col,.kadence-column_92e57c-56 > .kt-inside-inner-col:before{border-top-left-radius:0px;border-top-right-radius:0px;border-bottom-right-radius:0px;border-bottom-left-radius:0px;}.kadence-column_92e57c-56 > .kt-inside-inner-col{justify-content:flex-start;flex-direction:column;display:flex;}.kadence-column_92e57c-56 > .kt-inside-inner-col > .aligncenter{width:100%;}.kt-row-column-wrap > .kadence-column_92e57c-56{align-self:flex-start;}.kt-inner-column-height-full:not(.kt-has-1-columns) > .wp-block-kadence-column.kadence-column_92e57c-56{align-self:auto;}.kt-inner-column-height-full:not(.kt-has-1-columns) > .wp-block-kadence-column.kadence-column_92e57c-56 > .kt-inside-inner-col{display:flex;flex-direction:column;justify-content:flex-start;}.kadence-column_92e57c-56 > .kt-inside-inner-col:before{opacity:0.3;}.kadence-column_92e57c-56{position:relative;}<\/style>\n<div class=\"wp-block-kadence-column kadence-column_92e57c-56 inner-column-1\"><div class=\"kt-inside-inner-col\"><style>.wp-block-kadence-image.kb-image_25f7e5-f2:not(.kb-specificity-added):not(.kb-extra-specificity-added){margin-right:0px;margin-left:0px;}.kb-image_25f7e5-f2.kb-image-is-ratio-size, .kb-image_25f7e5-f2 .kb-image-is-ratio-size{max-width:1200px;width:100%;}.kb-image_25f7e5-f2 figure{max-width:1200px;}.kb-image_25f7e5-f2 .image-is-svg, .kb-image_25f7e5-f2 .image-is-svg img{width:100%;}.kb-image_25f7e5-f2:not(.kb-image-is-ratio-size) .kb-img, .kb-image_25f7e5-f2.kb-image-is-ratio-size{padding-right:0px;padding-left:0px;}<\/style>\n<div class=\"wp-block-kadence-image kb-image_25f7e5-f2\"><figure class=\"aligncenter size-large\"><img loading=\"lazy\" decoding=\"async\" width=\"1024\" height=\"68\" src=\"https:\/\/alltagsleben-banatica.ro\/wp-content\/uploads\/2022\/11\/logo-multe-1024x68.png\" alt=\"\" class=\"kb-img wp-image-2167\" srcset=\"https:\/\/alltagsleben-banatica.ro\/wp-content\/uploads\/2022\/11\/logo-multe-1024x68.png 1024w, https:\/\/alltagsleben-banatica.ro\/wp-content\/uploads\/2022\/11\/logo-multe-300x20.png 300w, https:\/\/alltagsleben-banatica.ro\/wp-content\/uploads\/2022\/11\/logo-multe-768x51.png 768w, https:\/\/alltagsleben-banatica.ro\/wp-content\/uploads\/2022\/11\/logo-multe-1536x103.png 1536w, https:\/\/alltagsleben-banatica.ro\/wp-content\/uploads\/2022\/11\/logo-multe-2048x137.png 2048w\" sizes=\"auto, (max-width: 1024px) 100vw, 1024px\" \/><\/figure><\/div>\n<\/div><\/div>\n\n<\/div><\/div>\n\n<style>.kb-row-layout-id_3115d9-2b > .kt-row-column-wrap{align-content:start;}:where(.kb-row-layout-id_3115d9-2b > .kt-row-column-wrap) > .wp-block-kadence-column{justify-content:start;}.kb-row-layout-id_3115d9-2b > .kt-row-column-wrap{column-gap:var(--global-kb-gap-md, 2rem);row-gap:var(--global-kb-gap-md, 2rem);max-width:var( --global-content-width, 1290px );padding-left:var(--global-content-edge-padding);padding-right:var(--global-content-edge-padding);padding-top:85px;padding-bottom:659px;grid-template-columns:minmax(0, 1fr);}.kb-row-layout-id_3115d9-2b{background-image:url('https:\/\/alltagsleben-banatica.ro\/wp-content\/uploads\/2022\/11\/base1-1.png');background-size:cover;background-position:center center;background-attachment:scroll;background-repeat:no-repeat;}.kb-row-layout-id_3115d9-2b > .kt-row-layout-overlay{opacity:0.00;background-color:rgba(237, 237, 229, 0);}@media all and (max-width: 1024px){.kb-row-layout-id_3115d9-2b > .kt-row-column-wrap{padding-top:80px;padding-bottom:80px;grid-template-columns:minmax(0, 1fr);}}@media all and (max-width: 767px){.kb-row-layout-id_3115d9-2b > .kt-row-column-wrap{grid-template-columns:minmax(0, 1fr);}}<\/style><div class=\"kb-row-layout-wrap kb-row-layout-id_3115d9-2b alignnone kt-row-has-bg wp-block-kadence-rowlayout\"><div class=\"kt-row-layout-overlay kt-row-overlay-normal\"><\/div><div class=\"kt-row-column-wrap kt-has-1-columns kt-row-layout-equal kt-tab-layout-inherit kt-mobile-layout-row kt-row-valign-top kb-theme-content-width\">\n<style>.kadence-column_08f8c5-68 > .kt-inside-inner-col,.kadence-column_08f8c5-68 > .kt-inside-inner-col:before{border-top-left-radius:0px;border-top-right-radius:0px;border-bottom-right-radius:0px;border-bottom-left-radius:0px;}.kadence-column_08f8c5-68 > .kt-inside-inner-col:before{opacity:0.3;}.kadence-column_08f8c5-68{position:relative;}<\/style>\n<div class=\"wp-block-kadence-column kadence-column_08f8c5-68 inner-column-1\"><div class=\"kt-inside-inner-col\"><style>.kb-row-layout-id_fd7f6f-13 > .kt-row-column-wrap{align-content:start;}:where(.kb-row-layout-id_fd7f6f-13 > .kt-row-column-wrap) > .wp-block-kadence-column{justify-content:start;}.kb-row-layout-id_fd7f6f-13 > .kt-row-column-wrap{column-gap:var(--global-kb-gap-md, 2rem);row-gap:var(--global-kb-gap-md, 2rem);max-width:500px;margin-left:auto;margin-right:auto;padding-top:91px;padding-bottom:68px;grid-template-columns:minmax(0, 1fr);}.kb-row-layout-id_fd7f6f-13{background-image:url('https:\/\/alltagsleben-banatica.ro\/wp-content\/uploads\/2022\/11\/douapoze.png');background-size:cover;background-position:center center;background-attachment:scroll;background-repeat:no-repeat;}.kb-row-layout-id_fd7f6f-13 > .kt-row-layout-overlay{opacity:0.30;}@media all and (max-width: 1024px){.kb-row-layout-id_fd7f6f-13 > .kt-row-column-wrap{padding-top:25px;grid-template-columns:minmax(0, 1fr);}}@media all and (max-width: 767px){.kb-row-layout-id_fd7f6f-13 > .kt-row-column-wrap{grid-template-columns:minmax(0, 1fr);}}<\/style><div class=\"kb-row-layout-wrap kb-row-layout-id_fd7f6f-13 alignnone kt-row-has-bg wp-block-kadence-rowlayout\"><div class=\"kt-row-column-wrap kt-has-1-columns kt-row-layout-equal kt-tab-layout-inherit kt-mobile-layout-row kt-row-valign-top\">\n<style>.kadence-column_e4d4d6-bd > .kt-inside-inner-col,.kadence-column_e4d4d6-bd > .kt-inside-inner-col:before{border-top-left-radius:0px;border-top-right-radius:0px;border-bottom-right-radius:0px;border-bottom-left-radius:0px;}.kadence-column_e4d4d6-bd > .kt-inside-inner-col:before{opacity:0.3;}.kadence-column_e4d4d6-bd{position:relative;}<\/style>\n<div class=\"wp-block-kadence-column kadence-column_e4d4d6-bd inner-column-1\"><div class=\"kt-inside-inner-col\"><style>.wp-block-kadence-advancedheading.kt-adv-heading_b47d5c-a1, .wp-block-kadence-advancedheading.kt-adv-heading_b47d5c-a1[data-kb-block=\"kb-adv-heading_b47d5c-a1\"]{margin-bottom:10px;text-align:center;font-style:normal;}.wp-block-kadence-advancedheading.kt-adv-heading_b47d5c-a1 mark, .wp-block-kadence-advancedheading.kt-adv-heading_b47d5c-a1[data-kb-block=\"kb-adv-heading_b47d5c-a1\"] mark{font-style:normal;color:#f76a0c;padding-top:0px;padding-right:0px;padding-bottom:0px;padding-left:0px;}<\/style>\n<h6 class=\"kt-adv-heading_b47d5c-a1 wp-block-kadence-advancedheading\" data-kb-block=\"kb-adv-heading_b47d5c-a1\">Ausstellung ansehen<\/h6>\n\n\n<style>.wp-block-kadence-advancedheading.kt-adv-heading_448388-70, .wp-block-kadence-advancedheading.kt-adv-heading_448388-70[data-kb-block=\"kb-adv-heading_448388-70\"]{padding-bottom:10px;text-align:center;font-style:normal;}.wp-block-kadence-advancedheading.kt-adv-heading_448388-70 mark, .wp-block-kadence-advancedheading.kt-adv-heading_448388-70[data-kb-block=\"kb-adv-heading_448388-70\"] mark{font-style:normal;color:#f76a0c;padding-top:0px;padding-right:0px;padding-bottom:0px;padding-left:0px;}<\/style>\n<h2 class=\"kt-adv-heading_448388-70 wp-block-kadence-advancedheading\" data-kb-block=\"kb-adv-heading_448388-70\"><strong>Die Alltagsgeschichte der Deutschen im Banat im 20. Jahrhundert in Fotos aus Familiensammlungen<\/strong><\/h2>\n\n\n<style>.wp-block-kadence-advancedbtn.kb-btns_ed9eef-c8{gap:var(--global-kb-gap-xs, 0.5rem );justify-content:center;align-items:center;}.kt-btns_ed9eef-c8 .kt-button{font-weight:normal;font-style:normal;}<\/style>\n<div class=\"wp-block-kadence-advancedbtn kb-buttons-wrap kb-btns_ed9eef-c8\"><style>.wp-block-kadence-advancedbtn .kb-btn_f30a6c-3a.kb-button{font-style:normal;font-weight:regular;text-transform:uppercase;padding-top:10px;padding-bottom:10px;}<\/style><a class=\"kb-button kt-button button kb-btn_f30a6c-3a kt-btn-size-standard kt-btn-width-type-auto kb-btn-global-inherit kt-btn-has-text-true kt-btn-has-svg-false wp-block-button__link wp-block-kadence-singlebtn\" href=\"https:\/\/alltagsleben-banatica.ro\/de\/expozitie-virtuala\/\"><span class=\"kt-btn-inner-text\">Virtuelle Ausstellung besuchen<\/span><\/a><\/div>\n<\/div><\/div>\n\n<\/div><\/div><\/div><\/div>\n\n<\/div><\/div>","protected":false},"excerpt":{"rendered":"<p>Via\u021b\u0103 cotidian\u0103 \u0219i convie\u021buire interetnic\u0103 \u00een Banat \u00een secolul XX Proiectul a fost finan\u021bat de:Land-ul Bavaria, Ministerul Familiei, Muncii \u0219i Afacerilor Sociale prin intermediul \u201eKulturwerk Banater Schwaben e. V.\u201dInstitutul pentru Cercetarea Istoriei \u015fi Culturii Germanilor din Europa de Sud-Est (IKGS) din cadrul Universit\u0103\u0163ii Ludwig-Maximilian din M\u00fcnchen, cu sprijinul financiar al Secretariatului de Stat pentru Cultur\u0103&#8230;<\/p>","protected":false},"author":1,"featured_media":0,"parent":0,"menu_order":0,"comment_status":"closed","ping_status":"closed","template":"","meta":{"_kad_blocks_custom_css":"","_kad_blocks_head_custom_js":"","_kad_blocks_body_custom_js":"","_kad_blocks_footer_custom_js":"","_kad_post_transparent":"","_kad_post_title":"hide","_kad_post_layout":"default","_kad_post_sidebar_id":"","_kad_post_content_style":"","_kad_post_vertical_padding":"","_kad_post_feature":"","_kad_post_feature_position":"","_kad_post_header":false,"_kad_post_footer":false,"footnotes":""},"class_list":["post-940","page","type-page","status-publish","hentry"],"featured_image_src_large":false,"author_info":{"display_name":"mihaiv_banatica","author_link":"https:\/\/alltagsleben-banatica.ro\/de\/author\/mihaiv_banatica\/"},"comment_info":0,"taxonomy_info":[],"_links":{"self":[{"href":"https:\/\/alltagsleben-banatica.ro\/de\/wp-json\/wp\/v2\/pages\/940","targetHints":{"allow":["GET"]}}],"collection":[{"href":"https:\/\/alltagsleben-banatica.ro\/de\/wp-json\/wp\/v2\/pages"}],"about":[{"href":"https:\/\/alltagsleben-banatica.ro\/de\/wp-json\/wp\/v2\/types\/page"}],"author":[{"embeddable":true,"href":"https:\/\/alltagsleben-banatica.ro\/de\/wp-json\/wp\/v2\/users\/1"}],"replies":[{"embeddable":true,"href":"https:\/\/alltagsleben-banatica.ro\/de\/wp-json\/wp\/v2\/comments?post=940"}],"version-history":[{"count":50,"href":"https:\/\/alltagsleben-banatica.ro\/de\/wp-json\/wp\/v2\/pages\/940\/revisions"}],"predecessor-version":[{"id":2458,"href":"https:\/\/alltagsleben-banatica.ro\/de\/wp-json\/wp\/v2\/pages\/940\/revisions\/2458"}],"wp:attachment":[{"href":"https:\/\/alltagsleben-banatica.ro\/de\/wp-json\/wp\/v2\/media?parent=940"}],"curies":[{"name":"wp","href":"https:\/\/api.w.org\/{rel}","templated":true}]}}